{"id":940,"date":"2022-02-17T18:06:15","date_gmt":"2022-02-17T17:06:15","guid":{"rendered":"http:\/\/kurz-rhg.de\/datenschutz\/"},"modified":"2022-02-25T17:18:00","modified_gmt":"2022-02-25T16:18:00","slug":"privacy-policy","status":"publish","type":"page","link":"https:\/\/kurz-rhg.de\/en\/privacy-policy\/","title":{"rendered":"Datenschutz"},"content":{"rendered":"[vc_row type=&#8221;in_container&#8221; full_screen_row_position=&#8221;middle&#8221; column_margin=&#8221;default&#8221; column_direction=&#8221;default&#8221; column_direction_tablet=&#8221;default&#8221; column_direction_phone=&#8221;default&#8221; scene_position=&#8221;center&#8221; text_color=&#8221;dark&#8221; text_align=&#8221;left&#8221; row_border_radius=&#8221;none&#8221; row_border_radius_applies=&#8221;bg&#8221; overflow=&#8221;visible&#8221; overlay_strength=&#8221;0.3&#8243; gradient_direction=&#8221;left_to_right&#8221; shape_divider_position=&#8221;bottom&#8221; bg_image_animation=&#8221;none&#8221;][vc_column column_padding=&#8221;no-extra-padding&#8221; column_padding_tablet=&#8221;inherit&#8221; column_padding_phone=&#8221;inherit&#8221; column_padding_position=&#8221;all&#8221; column_element_spacing=&#8221;default&#8221; background_color_opacity=&#8221;1&#8243; background_hover_color_opacity=&#8221;1&#8243; column_shadow=&#8221;none&#8221; column_border_radius=&#8221;none&#8221; column_link_target=&#8221;_self&#8221; column_position=&#8221;default&#8221; gradient_direction=&#8221;left_to_right&#8221; overlay_strength=&#8221;0.3&#8243; width=&#8221;1\/1&#8243; tablet_width_inherit=&#8221;default&#8221; tablet_text_alignment=&#8221;default&#8221; phone_text_alignment=&#8221;default&#8221; animation_type=&#8221;default&#8221; bg_image_animation=&#8221;none&#8221; border_type=&#8221;simple&#8221; column_border_width=&#8221;none&#8221; column_border_style=&#8221;solid&#8221;][vc_column_text]\n<div class=\"ce_headline attribute headline\">\n<h1 class=\"attribute ce_headline headline\" style=\"text-align: center;\">Datenschutzerkl\u00e4rung<\/h1>\n<\/div>\n[\/vc_column_text][\/vc_column][\/vc_row][vc_row type=&#8221;in_container&#8221; full_screen_row_position=&#8221;middle&#8221; column_margin=&#8221;default&#8221; column_direction=&#8221;default&#8221; column_direction_tablet=&#8221;default&#8221; column_direction_phone=&#8221;default&#8221; scene_position=&#8221;center&#8221; text_color=&#8221;dark&#8221; text_align=&#8221;left&#8221; row_border_radius=&#8221;none&#8221; row_border_radius_applies=&#8221;bg&#8221; overflow=&#8221;visible&#8221; overlay_strength=&#8221;0.3&#8243; gradient_direction=&#8221;left_to_right&#8221; shape_divider_position=&#8221;bottom&#8221; bg_image_animation=&#8221;none&#8221;][vc_column column_padding=&#8221;no-extra-padding&#8221; column_padding_tablet=&#8221;inherit&#8221; column_padding_phone=&#8221;inherit&#8221; column_padding_position=&#8221;all&#8221; column_element_spacing=&#8221;default&#8221; background_color_opacity=&#8221;1&#8243; background_hover_color_opacity=&#8221;1&#8243; column_shadow=&#8221;none&#8221; column_border_radius=&#8221;none&#8221; column_link_target=&#8221;_self&#8221; column_position=&#8221;default&#8221; gradient_direction=&#8221;left_to_right&#8221; overlay_strength=&#8221;0.3&#8243; width=&#8221;1\/1&#8243; tablet_width_inherit=&#8221;default&#8221; tablet_text_alignment=&#8221;default&#8221; phone_text_alignment=&#8221;default&#8221; animation_type=&#8221;default&#8221; bg_image_animation=&#8221;none&#8221; border_type=&#8221;simple&#8221; column_border_width=&#8221;none&#8221; column_border_style=&#8221;solid&#8221;][vc_column_text]\n<div class=\"ce_headline attribute headline\">\n<p><strong>Verantwortliche Stelle im Sinne der Datenschutzgesetze ist:<\/strong><\/p>\n<p>Kurz Reifenhandel GmbH &amp; Co.KG<br \/>\nOliver Kurz<br \/>\nStahlbaustra\u00dfe 20<br \/>\n64560 Riedstadt<\/p>\n<p>Der Schutz und die Sicherheit Ihrer pers\u00f6nlichen Daten sind uns ein wichtiges Anliegen. Diese Webseite speichert und verarbeitet Daten daher ausschlie\u00dflich im Sinne der EU-Datenschutz-Grundverordnung (DSGVO) und des Bundesdatenschutzgesetzes (BSDG). Sie als Nutzer stimmen der Datenverarbeitung im Sinne dieser Erkl\u00e4rung zu. Die aktuelle Fassung der DSGVO finden Sie unter:<\/p>\n<p><a href=\"http:\/\/europaeische-datenschutz-grundverordnung.de\/inhalt.html\">http:\/\/europaeische-datenschutz-grundverordnung.de\/inhalt.html<\/a><\/p>\n<p>Diese Datenschutzerkl\u00e4rung bezieht sich nur auf diese Webseite. Falls Sie \u00fcber Links auf unseren Seiten auf andere Seiten weitergeleitet werden, informieren Sie sich direkt auf der weitergeleiteten Webseite \u00fcber den jeweiligen Umgang mit Ihren Daten. Ihre personenbezogenen Daten (z.B. Anrede, Name, Anschrift, E-Mail-Adresse, Telefonnummer, Bankverbindung, Kreditkartennummer) werden von uns nur gem\u00e4\u00df den Bestimmungen des deutschen Datenschutzrechts verarbeitet. Die nachfolgenden Vorschriften informieren Sie \u00fcber Art, Umfang und Zweck der Erhebung, Verarbeitung sowie Nutzung personenbezogener Daten.<\/p>\n<p>Wir weisen darauf hin, dass die Daten\u00fcbertragung im Internet (z.B. bei der Kommunikation per E-Mail oder \u00fcber nicht verschl\u00fcsselte Webseiten) Sicherheitsl\u00fccken aufweisen kann. Ein l\u00fcckenloser Schutz der Daten vor dem Zugriff durch Dritte ist nicht m\u00f6glich.<\/p>\n<p>Bei Beauftragung \u00fcber unsere Webseite werden Ihre \u00fcbermittelten oder eingegebenen Daten manuell oder automatisiert mit dem vorhandenen Datenbestand auf G\u00fcltigkeit und Aktualit\u00e4t \u00fcberpr\u00fcft und gegebenenfalls abgeglichen, um die bei uns gespeicherten Daten zu korrigieren. Dazu kann es notwendig sein, dass wir mit Ihnen Kontakt aufnehmen m\u00fcssen. Dies geschieht mittels E-Mail oder telefonisch. Die von Ihnen eingegebenen Daten werden ausschlie\u00dflich f\u00fcr die Bearbeitung der Anfrage, der Bestellung oder die Abwicklung der Anmeldung verwendet, eine Weitergabe der Daten an Dritte erfolgt nicht. Die Daten werden gel\u00f6scht, sobald der jeweilige Vertrag erf\u00fcllt ist und keine gesetzliche Pflicht zur Speicherung der Daten mehr besteht.<\/p>\n<p>&nbsp;<\/p>\n<p><strong>Erfassung allgemeiner Informationen<\/strong><\/p>\n<p>Wenn Sie auf unsere Webseite zugreifen, werden automatisch Informationen allgemeiner Natur erfasst. Diese Informationen (Server-Logfiles) beinhalten etwa die Art des Webbrowsers, das verwendete Betriebssystem, den Domainnamen Ihres Internet Service Providers und \u00c4hnliches. Hierbei handelt es sich ausschlie\u00dflich um Informationen, welche keine R\u00fcckschl\u00fcsse auf Ihre Person zulassen. Diese Informationen sind technisch notwendig, um von Ihnen angeforderte Inhalte von Webseiten korrekt auszuliefern und fallen bei Nutzung des Internets zwingend an. Anonyme Informationen dieser Art werden von uns statistisch ausgewertet, um unseren Internetauftritt und die dahinterstehende Technik zu optimieren.<\/p>\n<p>&nbsp;<\/p>\n<p><strong>Cookies<\/strong><\/p>\n<p>Wie viele andere Webseiten verwenden wir auch so genannte \u201eCookies\u201c. Cookies sind kleine Textdateien, die von einem Webseitenserver auf Ihre Festplatte \u00fcbertragen werden. Hierdurch erhalten wir automatisch bestimmte Daten wie z. B. IP-Adresse, verwendeter Browser, Betriebssystem \u00fcber Ihren Computer und Ihre Verbindung zum Internet.<\/p>\n<p>Cookies k\u00f6nnen nicht verwendet werden, um Programme zu starten oder Viren auf einen Computer zu \u00fcbertragen. Anhand der in Cookies enthaltenen Informationen k\u00f6nnen wir Ihnen die Navigation erleichtern und die korrekte Anzeige unserer Webseiten erm\u00f6glichen.<\/p>\n<p>In keinem Fall werden die von uns erfassten Daten an Dritte weitergegeben oder ohne Ihre Einwilligung eine Verkn\u00fcpfung mit personenbezogenen Daten hergestellt.<\/p>\n<p>Nat\u00fcrlich k\u00f6nnen Sie unsere Website grunds\u00e4tzlich auch ohne Cookies betrachten. Internet-Browser sind regelm\u00e4\u00dfig so eingestellt, dass sie Cookies akzeptieren. Sie k\u00f6nnen die Verwendung von Cookies jederzeit \u00fcber die Einstellungen Ihres Browsers deaktivieren. Bitte verwenden Sie die Hilfefunktionen Ihres Internetbrowsers, um zu erfahren, wie Sie diese Einstellungen \u00e4ndern k\u00f6nnen. Bitte beachten Sie, dass einzelne Funktionen unserer Website m\u00f6glicherweise nicht funktionieren, wenn Sie die Verwendung von Cookies deaktiviert haben.<\/p>\n<p>&nbsp;<\/p>\n<p><strong>Links<\/strong><\/p>\n<p>Wir \u00fcberpr\u00fcfen Links, die unsere Webseite verlassen, redaktionell sehr sorgf\u00e4ltig. Trotzdem \u00fcbernehmen wir f\u00fcr Inhalte auf Seiten, auf die von dieser Webseite oder von einem anderen Internetauftritt aus gelinkt wird, keinerlei Verantwortung oder Haftung.<\/p>\n<p>&nbsp;<\/p>\n<p><strong>Kontaktformular<\/strong><\/p>\n<p>Wenn Sie uns per Kontaktformular Anfragen zukommen lassen, werden Ihre Angaben aus dem Anfrageformular inklusive der von Ihnen dort angegebenen Kontaktdaten zwecks Bearbeitung der Anfrage und f\u00fcr den Fall von Anschlussfragen bei uns gespeichert. Diese Daten geben wir nicht ohne Ihre Einwilligung weiter.<\/p>\n<p>&nbsp;<\/p>\n<p><strong>Bestandsdaten<\/strong><\/p>\n<p>Ihre personenbezogenen Daten, soweit diese f\u00fcr die Begr\u00fcndung, inhaltliche Ausgestaltung oder \u00c4nderung des Vertragsverh\u00e4ltnisses erforderlich sind (Bestandsdaten), werden ausschlie\u00dflich zur Vertragsabwicklung verwendet. So m\u00fcssen z.B. zur Zustellung der Waren Ihr Name und Ihre Anschrift an ein Transportunternehmen oder Warenlieferanten weitergegeben werden.<\/p>\n<p>&nbsp;<\/p>\n<p><strong>L\u00f6schung bzw. Sperrung der Daten<\/strong><\/p>\n<p>Wir halten uns an die Grunds\u00e4tze der Datenvermeidung und Datensparsamkeit. Wir speichern Ihre personenbezogenen Daten daher nur so lange, wie dies zur Erreichung der hier genannten Zwecke erforderlich ist oder wie es die vom Gesetzgeber vorgesehenen vielf\u00e4ltigen Speicherfristen vorsehen. Nach Fortfall des jeweiligen Zweckes bzw. Ablauf dieser Fristen werden die entsprechenden Daten routinem\u00e4\u00dfig und entsprechend den gesetzlichen Vorschriften gesperrt oder gel\u00f6scht.<\/p>\n<p>&nbsp;<\/p>\n<p><strong>Verwendung von Scriptbibliotheken (Google Webfonts)<\/strong><\/p>\n<p>Um unsere Inhalte browser\u00fcbergreifend korrekt und grafisch ansprechend darzustellen, verwenden wir auf dieser Website Scriptbibliotheken und Schriftbibliotheken wie z. B. Google Webfonts\u00a0<a href=\"https:\/\/www.google.com\/webfonts\/\">https:\/\/www.google.com\/webfonts\/<\/a>. Google Webfonts werden zur Vermeidung mehrfachen Ladens in den Cache Ihres Browsers \u00fcbertragen. Falls der Browser die Google Webfonts nicht unterst\u00fctzt oder den Zugriff unterbindet, werden Inhalte in einer Standardschrift angezeigt.<\/p>\n<p>Der Aufruf von Scriptbibliotheken oder Schriftbibliotheken l\u00f6st automatisch eine Verbindung zum Betreiber der Bibliothek aus. Dabei ist es theoretisch m\u00f6glich \u2013 aktuell allerdings auch unklar ob und ggf. zu welchen Zwecken \u2013 dass Betreiber entsprechender Bibliotheken Daten erheben.<\/p>\n<p>Die Datenschutzrichtlinie des Bibliothekbetreibers Google finden Sie hier:\u00a0<a href=\"https:\/\/www.google.com\/policies\/privacy\/\">https:\/\/www.google.com\/policies\/privacy\/<\/a><\/p>\n<p>&nbsp;<\/p>\n<p><strong>Verwendung von Google Maps<\/strong><\/p>\n<p>Diese Webseite verwendet Google Maps API, um geographische Informationen visuell darzustellen. Bei der Nutzung von Google Maps werden von Google auch Daten \u00fcber die Nutzung der Kartenfunktionen durch Besucher erhoben, verarbeitet und genutzt. N\u00e4here Informationen \u00fcber die Datenverarbeitung durch Google k\u00f6nnen Sie\u00a0\u00a0<a href=\"http:\/\/www.google.com\/privacypolicy.html\">den Google-Datenschutzhinweisen<\/a>\u00a0entnehmen. Dort k\u00f6nnen Sie im Datenschutzcenter auch Ihre pers\u00f6nlichen Datenschutz-Einstellungen ver\u00e4ndern.<\/p>\n<p>&nbsp;<\/p>\n<p><strong>Webanalyse mit Google Analytics<\/strong><\/p>\n<p>Diese Webseite nutzt Funktionen des Webanalysedienstes Google Analytics. Anbieter ist die Google Inc., 1600 Amphitheatre Parkway Mountain View, CA 94043, USA. Google Analytics verwendet solche zielorientieren Cookies. Mehr Informationen zum Umgang mit Nutzerdaten bei Google Analytics finden Sie in der Datenschutzerkl\u00e4rung von Google:<\/p>\n<p><a href=\"https:\/\/support.google.com\/analytics\/answer\/6004245?hl=de\">https:\/\/support.google.com\/analytics\/answer\/6004245?hl=de<\/a><\/p>\n<p>Sie k\u00f6nnen die Erfassung, der durch das Cookie erzeugten und auf Ihre Nutzung der Webseite bezogenen Daten an Google sowie die Verarbeitung dieser Daten durch Google verhindern, indem Sie das unter dem folgenden Link verf\u00fcgbare Browser-Plugin herunterladen und installieren:<\/p>\n<p><a href=\"https:\/\/tools.google.com\/dlpage\/gaoptout?hl=de\">https:\/\/tools.google.com\/dlpage\/gaoptout?hl=de<\/a><\/p>\n<p>Alternativ k\u00f6nnen Sie die Erfassung Ihrer Daten durch Google Analytics verhindern, indem Sie auf folgenden Link klicken. Es wird dann ein Opt-Out-Cookie gesetzt, das die Erfassung Ihrer Daten bei zuk\u00fcnftigen Besuchen dieser Webseite verhindert:<\/p>\n<p><a href=\"https:\/\/tools.google.com\/dlpage\/gaoptout?hl=de\">https:\/\/tools.google.com\/dlpage\/gaoptout?hl=de<\/a><\/p>\n<p>Diese Webseite benutzt Google Analytics mit der Erweiterung \u201eanonymizeIP()\u201c, damit die IP-Adressen nur gek\u00fcrzt weiterverarbeitet werden, um eine direkte Personenbeziehbarkeit auszuschlie\u00dfen.<\/p>\n<p><strong>\u00a0<\/strong><\/p>\n<p><strong>SSL-Verschl\u00fcsselung<\/strong><\/p>\n<p>Diese Seite nutzt aus Gr\u00fcnden der Sicherheit und zum Schutz der \u00dcbertragung vertraulicher Inhalte, wie z.B. der Anfragen, die Sie an uns als Seitenbetreiber senden, eine SSL-Verschl\u00fcsselung. Eine verschl\u00fcsselte Verbindung erkennen Sie daran, dass die Adresszeile des Browsers von http:\/\/auf \u201ehttps:\/\/\u201c wechselt und an dem Schloss in Ihrer Browserzeile. Wenn die SSL-Verschl\u00fcsselung aktiviert ist, k\u00f6nnen die Daten, die Sie an uns \u00fcbermitteln nicht von Dritten mitgelesen werden.<\/p>\n<p>&nbsp;<\/p>\n<p><strong>Ihre Rechte auf Auskunft, Berichtigung, Sperre, L\u00f6schung und Widerspruch<\/strong><\/p>\n<p>Sie haben das Recht, jederzeit Auskunft \u00fcber Ihre bei uns gespeicherten personenbezogenen Daten zu erhalten. Ebenso haben Sie das Recht auf Berichtigung, Sperrung oder, abgesehen von der vorgeschriebenen Datenspeicherung zur Gesch\u00e4ftsabwicklung, L\u00f6schung Ihrer personenbezogenen Daten. Bitte wenden Sie sich dazu an unseren Datenschutzbeauftragten. Die Kontaktdaten finden Sie ganz unten.<\/p>\n<p>Damit eine Sperre von Daten jederzeit ber\u00fccksichtigt werden kann, m\u00fcssen diese Daten zu Kontrollzwecken in einer Sperrdatei vorgehalten werden. Sie k\u00f6nnen auch die L\u00f6schung der Daten verlangen, soweit keine gesetzliche Archivierungsverpflichtung besteht. Soweit eine solche Verpflichtung besteht, sperren wir Ihre Daten auf Wunsch.<\/p>\n<p>Sie k\u00f6nnen \u00c4nderungen oder den Widerruf einer Einwilligung durch entsprechende Mitteilung an uns mit Wirkung f\u00fcr die Zukunft vornehmen.<\/p>\n<p>&nbsp;<\/p>\n<p><strong>\u00c4nderung unserer Datenschutzbestimmungen<\/strong><\/p>\n<p>Wir behalten uns vor, diese Datenschutzerkl\u00e4rung gelegentlich anzupassen, damit sie stets den aktuellen rechtlichen Anforderungen entspricht oder um \u00c4nderungen unserer Leistungen in der Datenschutzerkl\u00e4rung umzusetzen, z. B. bei der Einf\u00fchrung neuer Services. F\u00fcr Ihren erneuten Besuch gilt dann die neue Datenschutzerkl\u00e4rung.<\/p>\n<p>&nbsp;<\/p>\n<p><strong>Fragen an den Datenschutzbeauftragten<\/strong><\/p>\n<p>Wenn Sie Fragen zum Datenschutz haben, schreiben Sie uns bitte eine E-Mail oder wenden Sie sich direkt an:<\/p>\n<p>Kurz Reifenhandel GmbH &amp; Co.KG<br \/>\nOliver Kurz<br \/>\nStahlbaustrasse 20<br \/>\n64560 Riedstadt<\/p>\n<\/div>\n[\/vc_column_text][\/vc_column][\/vc_row]\n","protected":false},"excerpt":{"rendered":"<p>[vc_row type=&#8221;in_container&#8221; full_screen_row_position=&#8221;middle&#8221; column_margin=&#8221;default&#8221; column_direction=&#8221;default&#8221; column_direction_tablet=&#8221;default&#8221; column_direction_phone=&#8221;default&#8221; scene_position=&#8221;center&#8221; text_color=&#8221;dark&#8221; text_align=&#8221;left&#8221; row_border_radius=&#8221;none&#8221; row_border_radius_applies=&#8221;bg&#8221; overflow=&#8221;visible&#8221; overlay_strength=&#8221;0.3&#8243; gradient_direction=&#8221;left_to_right&#8221; shape_divider_position=&#8221;bottom&#8221; bg_image_animation=&#8221;none&#8221;][vc_column column_padding=&#8221;no-extra-padding&#8221; column_padding_tablet=&#8221;inherit&#8221; column_padding_phone=&#8221;inherit&#8221; column_padding_position=&#8221;all&#8221; column_element_spacing=&#8221;default&#8221; background_color_opacity=&#8221;1&#8243; background_hover_color_opacity=&#8221;1&#8243; column_shadow=&#8221;none&#8221; column_border_radius=&#8221;none&#8221; column_link_target=&#8221;_self&#8221; column_position=&#8221;default&#8221; gradient_direction=&#8221;left_to_right&#8221; overlay_strength=&#8221;0.3&#8243;&#8230;<\/p>\n","protected":false},"author":5,"featured_media":0,"parent":0,"menu_order":0,"comment_status":"closed","ping_status":"closed","template":"","meta":{"footnotes":""},"class_list":["post-940","page","type-page","status-publish"],"_links":{"self":[{"href":"https:\/\/kurz-rhg.de\/en\/wp-json\/wp\/v2\/pages\/940","targetHints":{"allow":["GET"]}}],"collection":[{"href":"https:\/\/kurz-rhg.de\/en\/wp-json\/wp\/v2\/pages"}],"about":[{"href":"https:\/\/kurz-rhg.de\/en\/wp-json\/wp\/v2\/types\/page"}],"author":[{"embeddable":true,"href":"https:\/\/kurz-rhg.de\/en\/wp-json\/wp\/v2\/users\/5"}],"replies":[{"embeddable":true,"href":"https:\/\/kurz-rhg.de\/en\/wp-json\/wp\/v2\/comments?post=940"}],"version-history":[{"count":1,"href":"https:\/\/kurz-rhg.de\/en\/wp-json\/wp\/v2\/pages\/940\/revisions"}],"predecessor-version":[{"id":941,"href":"https:\/\/kurz-rhg.de\/en\/wp-json\/wp\/v2\/pages\/940\/revisions\/941"}],"wp:attachment":[{"href":"https:\/\/kurz-rhg.de\/en\/wp-json\/wp\/v2\/media?parent=940"}],"curies":[{"name":"wp","href":"https:\/\/api.w.org\/{rel}","templated":true}]}}